{"id":735,"date":"2017-07-23T20:39:38","date_gmt":"2017-07-23T20:39:38","guid":{"rendered":"http:\/\/www.rika21.fr\/?page_id=735"},"modified":"2024-03-16T13:27:15","modified_gmt":"2024-03-16T12:27:15","slug":"notre-equipe","status":"publish","type":"page","link":"https:\/\/www.rika21.fr\/index.php\/notre-equipe\/","title":{"rendered":"Notre \u00e9quipe"},"content":{"rendered":"<div class=\"wpb-content-wrapper\"><p>[vc_section][vc_row][vc_column]<div class=\"es-resp\">\t<div class=\"visible-xl\" style=\"height: 10px;\"><\/div>\t<div class=\"hidden-xl hidden-md hidden-sm hidden-ms hidden-xs\" style=\"height: 10px;\"><\/div>\t<div class=\"visible-md\" style=\"height: 10px;\"><\/div>\t<div class=\"visible-sm \" style=\"height: 10px;\"><\/div>\t<div class=\"visible-ms\" style=\"height: 10px;\"><\/div>\t<div class=\"visible-xs\" style=\"height: 10px;\"><\/div><\/div><div class=\"heading header-with-bg align-center color-white subcolor-main text-bg transform-default has-subheader icon-type-hidden heading-tag-h3\" id=\"like_sc_header_338554372\"><h6 class=\"subheader ltx-sr-id-like_sc_header_3385543721113182898 ltx-sr ltx-sr-effect-slide_from_bottom ltx-sr-el-block ltx-sr-delay-200 ltx-sr-duration-500 ltx-sr-sequences-50\">Notre \u00e9quipe<\/h6><span class=\"ltx-bg-header\">RIKA 21<\/span><h3 class=\"header ltx-sr-id-like_sc_header_3385543728360399 ltx-sr ltx-sr-effect-fade_in ltx-sr-el-block ltx-sr-delay-0 ltx-sr-duration-1000 ltx-sr-sequences-0\">Popular Architects<\/h3><\/div><div class=\"es-resp\">\t<div class=\"visible-xl\" style=\"height: 24px;\"><\/div>\t<div class=\"hidden-xl hidden-md hidden-sm hidden-ms hidden-xs\" style=\"height: 24px;\"><\/div>\t<div class=\"visible-md\" style=\"height: 24px;\"><\/div>\t<div class=\"visible-sm \" style=\"height: 24px;\"><\/div>\t<div class=\"visible-ms\" style=\"height: 24px;\"><\/div>\t<div class=\"visible-xs\" style=\"height: 24px;\"><\/div><\/div>[vc_column_text css=\u00a0\u00bb.vc_custom_1710592031912{margin-right: 120px !important;margin-left: 120px !important;}\u00a0\u00bb]<\/p>\n<p style=\"text-align: center;\">Notre \u00e9quipe de sp\u00e9cialiste bas\u00e9e \u00e0 dijon vous accompagne pour vos projets et vos travaux.<br \/>\nNotre entreprise est sp\u00e9cialis\u00e9e dans les Po\u00eales et Chemin\u00e9es: po\u00eales \u00e0 bois, po\u00eales \u00e0 granul\u00e9s et po\u00eales mixtes.<br \/>\nN&rsquo;h\u00e9sitez pas \u00e0 faire appel \u00e0 nous pour votre projet.<\/p>\n<p>[\/vc_column_text]<div class=\"es-resp\">\t<div class=\"visible-xl\" style=\"height: 24px;\"><\/div>\t<div class=\"hidden-xl hidden-md hidden-sm hidden-ms hidden-xs\" style=\"height: 24px;\"><\/div>\t<div class=\"visible-md\" style=\"height: 24px;\"><\/div>\t<div class=\"visible-sm \" style=\"height: 24px;\"><\/div>\t<div class=\"visible-ms\" style=\"height: 24px;\"><\/div>\t<div class=\"visible-xs\" style=\"height: 24px;\"><\/div><\/div><div class=\"team-sc  row centered\"  id=\"like_sc_team_slider_1516732356\"><div class=\"col-lg-3 col-md-6 col-sm-6\t col-ms-12\"><div class=\"team-item item item-type-static \"><a href=\"https:\/\/www.rika21.fr\/index.php\/team\/majid-belarbi\/\" class=\"image\"><img loading=\"lazy\" decoding=\"async\" width=\"576\" height=\"800\" src=\"https:\/\/www.rika21.fr\/wp-content\/uploads\/2017\/09\/equipe.jpg\" class=\"attachment-full size-full\" alt=\"\" srcset=\"https:\/\/www.rika21.fr\/wp-content\/uploads\/2017\/09\/equipe.jpg 576w, https:\/\/www.rika21.fr\/wp-content\/uploads\/2017\/09\/equipe-216x300.jpg 216w, https:\/\/www.rika21.fr\/wp-content\/uploads\/2017\/09\/equipe-396x550.jpg 396w\" sizes=\"(max-width: 576px) 100vw, 576px\" \/><\/a><div class=\"descr\"><a href=\"https:\/\/www.rika21.fr\/index.php\/team\/majid-belarbi\/\"><h5 class=\"header\">Majid Belarbi <br\/>06 37 49 24 71<\/h5><\/a><p class=\"subheader\">Directeur magasin<\/p><\/div><\/div><\/div><div class=\"col-lg-3 col-md-6 col-sm-6\t col-ms-12\"><div class=\"team-item item item-type-static \"><a href=\"https:\/\/www.rika21.fr\/index.php\/team\/alexandre-foltan\/\" class=\"image\"><img loading=\"lazy\" decoding=\"async\" width=\"576\" height=\"800\" src=\"https:\/\/www.rika21.fr\/wp-content\/uploads\/2017\/09\/equipe.jpg\" class=\"attachment-full size-full\" alt=\"\" srcset=\"https:\/\/www.rika21.fr\/wp-content\/uploads\/2017\/09\/equipe.jpg 576w, https:\/\/www.rika21.fr\/wp-content\/uploads\/2017\/09\/equipe-216x300.jpg 216w, https:\/\/www.rika21.fr\/wp-content\/uploads\/2017\/09\/equipe-396x550.jpg 396w\" sizes=\"(max-width: 576px) 100vw, 576px\" \/><\/a><div class=\"descr\"><a href=\"https:\/\/www.rika21.fr\/index.php\/team\/alexandre-foltan\/\"><h5 class=\"header\">Alexandre Foltan <br\/>06 09 67 92  54<\/h5><\/a><p class=\"subheader\">Responsable magasin<\/p><\/div><\/div><\/div><div class=\"col-lg-3 col-md-6 col-sm-6\t col-ms-12\"><div class=\"team-item item item-type-static \"><a href=\"https:\/\/www.rika21.fr\/index.php\/team\/thomas-martin\/\" class=\"image\"><img loading=\"lazy\" decoding=\"async\" width=\"576\" height=\"800\" src=\"https:\/\/www.rika21.fr\/wp-content\/uploads\/2017\/09\/equipe.jpg\" class=\"attachment-full size-full\" alt=\"\" srcset=\"https:\/\/www.rika21.fr\/wp-content\/uploads\/2017\/09\/equipe.jpg 576w, https:\/\/www.rika21.fr\/wp-content\/uploads\/2017\/09\/equipe-216x300.jpg 216w, https:\/\/www.rika21.fr\/wp-content\/uploads\/2017\/09\/equipe-396x550.jpg 396w\" sizes=\"(max-width: 576px) 100vw, 576px\" \/><\/a><div class=\"descr\"><a href=\"https:\/\/www.rika21.fr\/index.php\/team\/thomas-martin\/\"><h5 class=\"header\">Thomas Martin <br\/>07 49 78  38 29<\/h5><\/a><p class=\"subheader\">Agent de maitrise<\/p><\/div><\/div><\/div><div class=\"col-lg-3 col-md-6 col-sm-6\t col-ms-12\"><div class=\"team-item item item-type-static \"><a href=\"https:\/\/www.rika21.fr\/index.php\/team\/cyril-danna\/\" class=\"image\"><img loading=\"lazy\" decoding=\"async\" width=\"576\" height=\"800\" src=\"https:\/\/www.rika21.fr\/wp-content\/uploads\/2017\/09\/equipe.jpg\" class=\"attachment-full size-full\" alt=\"\" srcset=\"https:\/\/www.rika21.fr\/wp-content\/uploads\/2017\/09\/equipe.jpg 576w, https:\/\/www.rika21.fr\/wp-content\/uploads\/2017\/09\/equipe-216x300.jpg 216w, https:\/\/www.rika21.fr\/wp-content\/uploads\/2017\/09\/equipe-396x550.jpg 396w\" sizes=\"(max-width: 576px) 100vw, 576px\" \/><\/a><div class=\"descr\"><a href=\"https:\/\/www.rika21.fr\/index.php\/team\/cyril-danna\/\"><h5 class=\"header\">Cyril D&rsquo;Anna <br\/>06 42 53 50 69<\/h5><\/a><p class=\"subheader\">Agent de maitrise<\/p><\/div><\/div><\/div><\/div>[vc_empty_space height=\u00a0\u00bb62px\u00a0\u00bb][\/vc_column][\/vc_row][\/vc_section]<\/p>\n<\/div>","protected":false},"excerpt":{"rendered":"<p>[vc_section][vc_row][vc_column][vc_column_text css=\u00a0\u00bb.vc_custom_1710592031912{margin-right: 120px !important;margin-left: 120px !important;}\u00a0\u00bb] Notre \u00e9quipe de sp\u00e9cialiste bas\u00e9e \u00e0 dijon vous accompagne pour vos projets et vos travaux. Notre entreprise est sp\u00e9cialis\u00e9e dans les Po\u00eales et Chemin\u00e9es: po\u00eales \u00e0 bois, po\u00eales \u00e0 granul\u00e9s et po\u00eales mixtes. N&rsquo;h\u00e9sitez pas \u00e0 faire appel \u00e0 nous pour votre projet. [\/vc_column_text][vc_empty_space height=\u00a0\u00bb62px\u00a0\u00bb][\/vc_column][\/vc_row][\/vc_section]<\/p>\n","protected":false},"author":1,"featured_media":0,"parent":0,"menu_order":0,"comment_status":"closed","ping_status":"closed","template":"","meta":{"footnotes":""},"_links":{"self":[{"href":"https:\/\/www.rika21.fr\/index.php\/wp-json\/wp\/v2\/pages\/735"}],"collection":[{"href":"https:\/\/www.rika21.fr\/index.php\/wp-json\/wp\/v2\/pages"}],"about":[{"href":"https:\/\/www.rika21.fr\/index.php\/wp-json\/wp\/v2\/types\/page"}],"author":[{"embeddable":true,"href":"https:\/\/www.rika21.fr\/index.php\/wp-json\/wp\/v2\/users\/1"}],"replies":[{"embeddable":true,"href":"https:\/\/www.rika21.fr\/index.php\/wp-json\/wp\/v2\/comments?post=735"}],"version-history":[{"count":20,"href":"https:\/\/www.rika21.fr\/index.php\/wp-json\/wp\/v2\/pages\/735\/revisions"}],"predecessor-version":[{"id":12909,"href":"https:\/\/www.rika21.fr\/index.php\/wp-json\/wp\/v2\/pages\/735\/revisions\/12909"}],"wp:attachment":[{"href":"https:\/\/www.rika21.fr\/index.php\/wp-json\/wp\/v2\/media?parent=735"}],"curies":[{"name":"wp","href":"https:\/\/api.w.org\/{rel}","templated":true}]}}