{"id":12905,"date":"2024-03-02T16:39:18","date_gmt":"2024-03-02T15:39:18","guid":{"rendered":"https:\/\/www.rika21.fr\/?page_id=12905"},"modified":"2024-03-02T16:41:50","modified_gmt":"2024-03-02T15:41:50","slug":"conditions-generales-de-vente","status":"publish","type":"page","link":"https:\/\/www.rika21.fr\/index.php\/conditions-generales-de-vente\/","title":{"rendered":"Conditions G\u00e9n\u00e9rales de Vente"},"content":{"rendered":"\n<p><strong>PREAMBULE<\/strong><br>Conform\u00e9ment \u00e0 la loi en vigueur, les pr\u00e9sentes conditions g\u00e9n\u00e9rales de vente (CGV) s\u2019appliquent \u00e0 toutes les transactions effectu\u00e9es par notre entreprise. L\u2019acceptation d\u2019un devis ou la passation d\u2019une commande entra\u00eene l\u2019acceptation des pr\u00e9sentes CGV par le client et renonciation de sa part \u00e0 ses propres conditions d\u2019achat.<br><strong>Clause n\u00b0 1 : Objet<\/strong><br>Les conditions g\u00e9n\u00e9rales de vente d\u00e9crites ci-apr\u00e8s d\u00e9taillent les droits et obligations de la soci\u00e9t\u00e9 STOBEL ENERGIE et de son client dans le cadre de la vente et de l\u2019installation des marchandises suivantes : po\u00eale \u00e0 bois, po\u00eale \u00e0 granul\u00e9s de bois, chauffage central, pompe \u00e0 chaleur, ballon thermodynamiques , traitement de l\u2019eau. Toute prestation accomplie par la soci\u00e9t\u00e9 STOBEL ENERGIE implique donc l&rsquo;adh\u00e9sion sans r\u00e9serve de l&rsquo;acheteur aux pr\u00e9sentes conditions g\u00e9n\u00e9rales de vente.<br><strong>Clause n\u00b0 2 : Prix<\/strong><br>Les prix des marchandises vendues sont ceux en vigueur au jour de la prise de commande. Ils sont libell\u00e9s en euros et calcul\u00e9s hors taxes. Par voie de cons\u00e9quence, ils seront major\u00e9s du taux de TVA et des frais de transport applicables au jour de la commande.<br>La soci\u00e9t\u00e9 STOBEL ENERGIE s&rsquo;accorde le droit de modifier ses tarifs \u00e0 tout moment. Toutefois, elle s&rsquo;engage \u00e0 facturer les marchandises command\u00e9es aux prix indiqu\u00e9s lors de l&rsquo;enregistrement de la commande.<br><strong>Clause n\u00b0 3 : Rabais et ristournes<\/strong><br>Les tarifs propos\u00e9s comprennent les rabais et ristournes que la soci\u00e9t\u00e9 STOBEL ENERGIE serait amen\u00e9e \u00e0 octroyer compte tenu de ses r\u00e9sultats ou de la prise en charge par l&rsquo;acheteur de certaines prestations.<br><strong>Clause n\u00b0 4 : Escompte<\/strong><br>Aucun escompte ne sera consenti en cas de paiement anticip\u00e9.<br><strong>Clause n\u00b0 5 : Modalit\u00e9s de paiement<\/strong><br>Le r\u00e8glement des commandes s&rsquo;effectue soit par ch\u00e8que, soit par virement bancaire ; le cas \u00e9ch\u00e9ant, indiquer les autres moyens de paiement accept\u00e9s.<br>Lors de l&rsquo;enregistrement de la commande, l&rsquo;acheteur devra verser un acompte de 30% du montant global de la facture, le solde devant \u00eatre pay\u00e9 \u00e0 r\u00e9ception ou installation des marchandises.<br><strong>Clause n\u00b0 6 : Retard de paiement<\/strong><br>En cas de d\u00e9faut de paiement total ou partiel des marchandises livr\u00e9es au jour de la r\u00e9ception, l&rsquo;acheteur doit verser \u00e0 la soci\u00e9t\u00e9 STOBEL ENERGIE une p\u00e9nalit\u00e9 de retard \u00e9gale \u00e0 trois fois le taux de l&rsquo;int\u00e9r\u00eat l\u00e9gal.<br>Le taux de l&rsquo;int\u00e9r\u00eat l\u00e9gal retenu est celui en vigueur au jour de la livraison ou la pose des marchandises.<\/p>\n\n\n\n<p>A compter du 1er janvier 2015, le taux d&rsquo;int\u00e9r\u00eat l\u00e9gal sera r\u00e9vis\u00e9 tous les 6 mois (Ordonnance n\u00b02014-947 du 20 ao\u00fbt 2014).<br>Cette p\u00e9nalit\u00e9 est calcul\u00e9e sur le montant TTC de la somme restant due, et court \u00e0 compter de la date d&rsquo;\u00e9ch\u00e9ance du prix sans qu&rsquo;aucune mise en demeure pr\u00e9alable ne soit n\u00e9cessaire.<br>En sus des indemnit\u00e9s de retard, toute somme, y compris l\u2019acompte, non pay\u00e9e \u00e0 sa date d\u2019exigibilit\u00e9 produira de plein droit le paiement d\u2019une indemnit\u00e9 forfaitaire de 40 euros due au titre des frais de recouvrement.<br>Articles 441-6, I alin\u00e9a 12 et D. 441-5 du code de commerce.<br><strong>Clause n\u00b0 7 : Clause r\u00e9solutoire<\/strong><br>Si dans les quinze jours qui suivent la mise en \u0153uvre de la clause \u00a0\u00bb Retard de paiement \u00ab\u00a0, l&rsquo;acheteur ne s&rsquo;est pas acquitt\u00e9 des sommes restant dues, la vente sera r\u00e9solue de plein droit et pourra ouvrir droit \u00e0 l&rsquo;allocation de dommages et int\u00e9r\u00eats au profit de la soci\u00e9t\u00e9 STOBEL ENERGIE.<br><strong>Clause n\u00b0 8 : Clause de r\u00e9serve de propri\u00e9t\u00e9<\/strong><br>La soci\u00e9t\u00e9 STOBEL ENERGIE conserve la propri\u00e9t\u00e9 des biens vendus jusqu&rsquo;au paiement int\u00e9gral du prix, en principal et en accessoires. \u00c0 ce titre, si l&rsquo;acheteur fait l&rsquo;objet d&rsquo;un redressement ou d&rsquo;une liquidation judiciaire, la soci\u00e9t\u00e9 STOBEL ENERGIE se r\u00e9serve le droit de revendiquer, dans le cadre de la proc\u00e9dure collective, les marchandises vendues et rest\u00e9es impay\u00e9es.<br><strong>Clause n\u00b0 9 : Livraison<\/strong><br>La livraison est effectu\u00e9e :<br>\u2022 soit par la remise directe de la marchandise \u00e0 l&rsquo;acheteur ;<br>\u2022 soit par l&rsquo;envoi d&rsquo;un avis de mise \u00e0 disposition en magasin \u00e0 l&rsquo;attention de l&rsquo;acheteur ;<br>\u2022 soit au lieu indiqu\u00e9 par l&rsquo;acheteur sur le bon de commande.<br>Le d\u00e9lai de livraison indiqu\u00e9 lors de l&rsquo;enregistrement de la commande n&rsquo;est donn\u00e9 qu&rsquo;\u00e0 titre indicatif et n&rsquo;est aucunement garanti.<br>Par voie de cons\u00e9quence, tout retard raisonnable dans la livraison des produits ne pourra pas donner lieu au profit de l&rsquo;acheteur \u00e0 l&rsquo;allocation de dommages et int\u00e9r\u00eats ou l&rsquo;annulation de la commande.<br>Le risque du transport est support\u00e9 en totalit\u00e9 par l&rsquo;acheteur.<br>En cas de marchandises manquantes ou d\u00e9t\u00e9rior\u00e9es lors du transport, l&rsquo;acheteur devra formuler toutes les r\u00e9serves n\u00e9cessaires sur le bon de commande \u00e0 r\u00e9ception desdites marchandises. Ces r\u00e9serves devront \u00eatre, en outre, confirm\u00e9es par \u00e9crit dans les cinq jours suivant la livraison, par courrier recommand\u00e9 avec accus\u00e9 de r\u00e9ception.<br><strong>Clause n\u00b0 10 : Force majeure<\/strong><br>La responsabilit\u00e9 de la soci\u00e9t\u00e9 STOBEL ENERGIE ne pourra pas \u00eatre mise en \u0153uvre si la non-ex\u00e9cution ou le retard dans l&rsquo;ex\u00e9cution de l&rsquo;une de ses obligations d\u00e9crites dans les pr\u00e9sentes conditions g\u00e9n\u00e9rales de vente d\u00e9coule d&rsquo;un cas de force majeure. \u00c0 ce titre, la force majeure s&rsquo;entend de tout \u00e9v\u00e9nement ext\u00e9rieur, impr\u00e9visible et irr\u00e9sistible au sens de l&rsquo;article 1148 du Code civil.<br><strong>Clause n\u00b0 11 : Tribunal comp\u00e9tent<\/strong><br>Tout litige relatif \u00e0 l&rsquo;interpr\u00e9tation et \u00e0 l&rsquo;ex\u00e9cution des pr\u00e9sentes conditions g\u00e9n\u00e9rales de vente est soumis au droit fran\u00e7ais.<br>\u00c0 d\u00e9faut de r\u00e9solution amiable, le litige sera port\u00e9 devant le Tribunal de commerce d\u2019Epinal. (si\u00e8ge social de la soci\u00e9t\u00e9 STOBEL ENERGIE : 237 rue Mar\u00e9chal Joffre 88 800 VITTEL)<\/p>\n","protected":false},"excerpt":{"rendered":"<p>PREAMBULEConform\u00e9ment \u00e0 la loi en vigueur, les pr\u00e9sentes conditions g\u00e9n\u00e9rales de vente (CGV) s\u2019appliquent \u00e0 toutes les transactions effectu\u00e9es par notre entreprise. L\u2019acceptation d\u2019un devis ou la passation d\u2019une commande entra\u00eene l\u2019acceptation des pr\u00e9sentes CGV par le client et renonciation de sa part \u00e0 ses propres conditions d\u2019achat.Clause n\u00b0 1 : ObjetLes conditions g\u00e9n\u00e9rales de vente d\u00e9crites ci-apr\u00e8s d\u00e9taillent les droits et obligations de la soci\u00e9t\u00e9 STOBEL ENERGIE et de son client dans le cadre de la vente et de l\u2019installation des marchandises suivantes : po\u00eale \u00e0 bois, po\u00eale \u00e0 granul\u00e9s de bois, chauffage central, pompe \u00e0 chaleur, ballon thermodynamiques , traitement de l\u2019eau. Toute prestation accomplie par la soci\u00e9t\u00e9 STOBEL ENERGIE implique donc l&rsquo;adh\u00e9sion sans r\u00e9serve de l&rsquo;acheteur aux pr\u00e9sentes conditions g\u00e9n\u00e9rales de vente.Clause n\u00b0 2 : PrixLes prix des marchandises vendues sont ceux en vigueur au jour de la prise de commande. Ils sont libell\u00e9s en euros et [&hellip;]<\/p>\n","protected":false},"author":1,"featured_media":0,"parent":0,"menu_order":0,"comment_status":"closed","ping_status":"closed","template":"","meta":{"footnotes":""},"_links":{"self":[{"href":"https:\/\/www.rika21.fr\/index.php\/wp-json\/wp\/v2\/pages\/12905"}],"collection":[{"href":"https:\/\/www.rika21.fr\/index.php\/wp-json\/wp\/v2\/pages"}],"about":[{"href":"https:\/\/www.rika21.fr\/index.php\/wp-json\/wp\/v2\/types\/page"}],"author":[{"embeddable":true,"href":"https:\/\/www.rika21.fr\/index.php\/wp-json\/wp\/v2\/users\/1"}],"replies":[{"embeddable":true,"href":"https:\/\/www.rika21.fr\/index.php\/wp-json\/wp\/v2\/comments?post=12905"}],"version-history":[{"count":2,"href":"https:\/\/www.rika21.fr\/index.php\/wp-json\/wp\/v2\/pages\/12905\/revisions"}],"predecessor-version":[{"id":12908,"href":"https:\/\/www.rika21.fr\/index.php\/wp-json\/wp\/v2\/pages\/12905\/revisions\/12908"}],"wp:attachment":[{"href":"https:\/\/www.rika21.fr\/index.php\/wp-json\/wp\/v2\/media?parent=12905"}],"curies":[{"name":"wp","href":"https:\/\/api.w.org\/{rel}","templated":true}]}}